{"id":88,"date":"2017-10-30T10:07:24","date_gmt":"2017-10-30T09:07:24","guid":{"rendered":"http:\/\/plus8.pl\/?page_id=88"},"modified":"2018-03-09T14:48:16","modified_gmt":"2018-03-09T13:48:16","slug":"stadion-miejski-lodz","status":"publish","type":"page","link":"https:\/\/plus8.pl\/index.php\/stadion-miejski-lodz\/","title":{"rendered":"Stadion \u0141odz"},"content":{"rendered":"<div id=\"themify_builder_content-88\" data-postid=\"88\" class=\"themify_builder_content themify_builder_content-88 themify_builder\">\n\n    \t\n\t\t<!-- module_row -->\n\t\t\t<div  class=\"themify_builder_row module_row clearfix module_row_0 themify_builder_88_row module_row_88-0\">\n\t\t\t\t                                <div class=\"row_inner \" >\n\n                                    \n\t\t<div  class=\"tb-column col-full first module_column tb_88_column module_column_0 module_column_88-0-0\" >\n                                                                <div class=\"tb-column-inner\">\n                            \n\n<!-- module text -->\n<div  id=\"text-88-0-0-0\" class=\"module module-text text-88-0-0-0  repeat \">\n    \n    <p style=\"text-align: center;\"><strong>STADION MIEJSKI W \u0141ODZI<\/strong><\/p><\/div>\n<!-- \/module text -->\n                        <\/div>\n                    \t\t<\/div>\n\t\t<!-- \/.tb-column -->\n\t\t\n\t\t\n                                <\/div>\n                                <!-- \/row_inner -->\n                        <\/div>\n                        <!-- \/module_row -->\n\t\t\t\n\t\t<!-- module_row -->\n\t\t\t<div  class=\"themify_builder_row module_row clearfix repeat module_row_1 themify_builder_88_row module_row_88-1\">\n\t\t\t\t                                <div class=\"row_inner \" >\n\n                                    \n\t\t<div  class=\"tb-column col6-1 first module_column tb_88_column module_column_0 module_column_88-1-0\" >\n                                                                <div class=\"tb-column-inner\">\n                            \n\n<!-- module text -->\n<div  id=\"text-88-1-0-0\" class=\"module module-text text-88-1-0-0  repeat \">\n    \n    <p>\u00a0<\/p><p style=\"text-align: center;\"><strong>INWESTOR<\/strong><\/p><p style=\"text-align: center;\">Miasto \u0141\u00f3d\u017a<\/p><\/div>\n<!-- \/module text -->\n                        <\/div>\n                    \t\t<\/div>\n\t\t<!-- \/.tb-column -->\n\t\t\n\t\t\n\t\t<div  class=\"tb-column col6-1 second module_column tb_88_column module_column_1 module_column_88-1-1\" >\n                                                                <div class=\"tb-column-inner\">\n                            \n\n<!-- module text -->\n<div  id=\"text-88-1-1-0\" class=\"module module-text text-88-1-1-0  repeat \">\n    \n    <p>\u00a0<\/p><p style=\"text-align: center;\"><strong>PROJEKT<\/strong><\/p><p style=\"text-align: center;\">PLUS8.PL\/Bauren<\/p><\/div>\n<!-- \/module text -->\n                        <\/div>\n                    \t\t<\/div>\n\t\t<!-- \/.tb-column -->\n\t\t\n\t\t\n\t\t<div  class=\"tb-column col6-1 third module_column tb_88_column module_column_2 module_column_88-1-2\" >\n                                                                <div class=\"tb-column-inner\">\n                            \n\n<!-- module text -->\n<div  id=\"text-88-1-2-0\" class=\"module module-text text-88-1-2-0  repeat \">\n    \n    <p>\u00a0<\/p><p style=\"text-align: center;\"><strong>DATA<\/strong><\/p><p style=\"text-align: center;\">2009<\/p><\/div>\n<!-- \/module text -->\n                        <\/div>\n                    \t\t<\/div>\n\t\t<!-- \/.tb-column -->\n\t\t\n\t\t\n\t\t<div  class=\"tb-column col6-1 fourth module_column tb_88_column module_column_3 module_column_88-1-3\" >\n                                                                <div class=\"tb-column-inner\">\n                            \n\n<!-- module text -->\n<div  id=\"text-88-1-3-0\" class=\"module module-text text-88-1-3-0  repeat \">\n    \n    <p>\u00a0<\/p><p style=\"text-align: center;\"><strong>KATEGORIA<\/strong><\/p><p style=\"text-align: center;\">Sportowo-rekreacyjne<\/p><\/div>\n<!-- \/module text -->\n                        <\/div>\n                    \t\t<\/div>\n\t\t<!-- \/.tb-column -->\n\t\t\n\t\t\n\t\t<div  class=\"tb-column col6-1 fifth module_column tb_88_column module_column_4 module_column_88-1-4\" >\n                                                                <div class=\"tb-column-inner\">\n                            \n\n<!-- module text -->\n<div  id=\"text-88-1-4-0\" class=\"module module-text text-88-1-4-0  repeat \">\n    \n    <p>\u00a0<\/p><p style=\"text-align: center;\"><strong>E<\/strong><strong>TAP<\/strong><\/p><p style=\"text-align: center;\">Projekt konkursowy &#8211; wyr\u00f3\u017cnienie<\/p><\/div>\n<!-- \/module text -->\n                        <\/div>\n                    \t\t<\/div>\n\t\t<!-- \/.tb-column -->\n\t\t\n\t\t\n\t\t<div  class=\"tb-column col6-1 last module_column tb_88_column module_column_5 module_column_88-1-5\" >\n                                                                <div class=\"tb-column-inner\">\n                            \n\n<!-- module text -->\n<div  id=\"text-88-1-5-0\" class=\"module module-text text-88-1-5-0  repeat \">\n    \n    <p>\u00a0<\/p><p style=\"text-align: center;\"><strong>POWIERZCHNIA<\/strong><\/p><p style=\"text-align: center;\">13570 m2<\/p><\/div>\n<!-- \/module text -->\n                        <\/div>\n                    \t\t<\/div>\n\t\t<!-- \/.tb-column -->\n\t\t\n\t\t\n                                <\/div>\n                                <!-- \/row_inner -->\n                        <\/div>\n                        <!-- \/module_row -->\n\t\t\t\n\t\t<!-- module_row -->\n\t\t\t<div  class=\"themify_builder_row module_row clearfix repeat module_row_2 themify_builder_88_row module_row_88-2\">\n\t\t\t\t                                <div class=\"row_inner \" >\n\n                                    \n\t\t<div style=\"width:40.4%\" class=\"tb-column col3-1 first module_column tb_88_column module_column_0 module_column_88-2-0\" >\n                                                                <div class=\"tb-column-inner\">\n                            \n\n    <!-- module divider -->\n    <div  id=\"divider-88-2-0-0\" class=\"module module-divider divider-88-2-0-0 solid    \" style=\"border-width: 1px;border-color: #8f8f8f;\">\n            <\/div>\n    <!-- \/module divider -->\n\n                        <\/div>\n                    \t\t<\/div>\n\t\t<!-- \/.tb-column -->\n\t\t\n\t\t\n\t\t<div style=\"width:13.2%\" class=\"tb-column col3-1 middle module_column tb_88_column module_column_1 module_column_88-2-1\" >\n                                                                <div class=\"tb-column-inner\">\n                            \n\n<!-- module text -->\n<div  id=\"text-88-2-1-0\" class=\"module module-text text-88-2-1-0  repeat \">\n    \n    <p style=\"text-align: center;\"><strong>GALERIA<\/strong><\/p><\/div>\n<!-- \/module text -->\n                        <\/div>\n                    \t\t<\/div>\n\t\t<!-- \/.tb-column -->\n\t\t\n\t\t\n\t\t<div style=\"width:40%\" class=\"tb-column col3-1 last module_column tb_88_column module_column_2 module_column_88-2-2\" >\n                                                                <div class=\"tb-column-inner\">\n                            \n\n    <!-- module divider -->\n    <div  id=\"divider-88-2-2-0\" class=\"module module-divider divider-88-2-2-0 solid    \" style=\"border-width: 1px;border-color: #8f8f8f;\">\n            <\/div>\n    <!-- \/module divider -->\n\n                        <\/div>\n                    \t\t<\/div>\n\t\t<!-- \/.tb-column -->\n\t\t\n\t\t\n                                <\/div>\n                                <!-- \/row_inner -->\n                        <\/div>\n                        <!-- \/module_row -->\n\t\t\t\n\t\t<!-- module_row -->\n\t\t\t<div  class=\"themify_builder_row module_row clearfix module_row_3 themify_builder_88_row module_row_88-3\">\n\t\t\t\t                                <div class=\"row_inner \" >\n\n                                    \n\t\t<div  class=\"tb-column col-full first module_column tb_88_column module_column_0 module_column_88-3-0\" >\n                                                                <div class=\"tb-column-inner\">\n                            \n\n    <!-- module gallery -->\n    <div  id=\"gallery-88-3-0-0\" class=\"module module-gallery gallery-88-3-0-0 gallery gallery-columns-2  layout-grid   \">\n        \n        \n    <dl class=\"gallery-item\">\n        <dt class=\"gallery-icon\">\n        <a title=\"\" href=\"https:\/\/plus8.pl\/wp-content\/uploads\/2017\/10\/118_1.jpg\"><img fetchpriority=\"high\" fetchpriority=\"high\" decoding=\"async\" width=\"810\" height=\"350\" src=\"https:\/\/plus8.pl\/wp-content\/uploads\/2017\/10\/118_1.jpg\" class=\" wp-post-image wp-image-1560\" alt=\"118_1\" srcset=\"https:\/\/plus8.pl\/wp-content\/uploads\/2017\/10\/118_1.jpg 810w, https:\/\/plus8.pl\/wp-content\/uploads\/2017\/10\/118_1-300x130.jpg 300w, https:\/\/plus8.pl\/wp-content\/uploads\/2017\/10\/118_1-768x332.jpg 768w\" sizes=\"(max-width: 810px) 100vw, 810px\" \/><\/a>        <\/dt>\n        <dd>\n                                <\/dd>\n    <\/dl>\n\n    \n\n    <dl class=\"gallery-item\">\n        <dt class=\"gallery-icon\">\n        <a title=\"\" href=\"https:\/\/plus8.pl\/wp-content\/uploads\/2017\/10\/2_referencje.jpg\"><img decoding=\"async\" width=\"810\" height=\"350\" src=\"https:\/\/plus8.pl\/wp-content\/uploads\/2017\/10\/2_referencje.jpg\" class=\" wp-post-image wp-image-1558\" alt=\"\" srcset=\"https:\/\/plus8.pl\/wp-content\/uploads\/2017\/10\/2_referencje.jpg 810w, https:\/\/plus8.pl\/wp-content\/uploads\/2017\/10\/2_referencje-300x130.jpg 300w, https:\/\/plus8.pl\/wp-content\/uploads\/2017\/10\/2_referencje-768x332.jpg 768w\" sizes=\"(max-width: 810px) 100vw, 810px\" \/><\/a>        <\/dt>\n        <dd>\n                                <\/dd>\n    <\/dl>\n\n            <br style=\"clear: both\" \/>\n    \n\n    <dl class=\"gallery-item\">\n        <dt class=\"gallery-icon\">\n        <a title=\"\" href=\"https:\/\/plus8.pl\/wp-content\/uploads\/2017\/10\/5-2.jpg\"><img decoding=\"async\" width=\"810\" height=\"350\" src=\"https:\/\/plus8.pl\/wp-content\/uploads\/2017\/10\/5-2.jpg\" class=\" wp-post-image wp-image-1556\" alt=\"\" srcset=\"https:\/\/plus8.pl\/wp-content\/uploads\/2017\/10\/5-2.jpg 810w, https:\/\/plus8.pl\/wp-content\/uploads\/2017\/10\/5-2-300x130.jpg 300w, https:\/\/plus8.pl\/wp-content\/uploads\/2017\/10\/5-2-768x332.jpg 768w\" sizes=\"(max-width: 810px) 100vw, 810px\" \/><\/a>        <\/dt>\n        <dd>\n                                <\/dd>\n    <\/dl>\n\n    \n\n    <dl class=\"gallery-item\">\n        <dt class=\"gallery-icon\">\n        <a title=\"\" href=\"https:\/\/plus8.pl\/wp-content\/uploads\/2017\/10\/3_screeny.jpg\"><img loading=\"lazy\" loading=\"lazy\" decoding=\"async\" width=\"810\" height=\"350\" src=\"https:\/\/plus8.pl\/wp-content\/uploads\/2017\/10\/3_screeny.jpg\" class=\" wp-post-image wp-image-1559\" alt=\"\" srcset=\"https:\/\/plus8.pl\/wp-content\/uploads\/2017\/10\/3_screeny.jpg 810w, https:\/\/plus8.pl\/wp-content\/uploads\/2017\/10\/3_screeny-300x130.jpg 300w, https:\/\/plus8.pl\/wp-content\/uploads\/2017\/10\/3_screeny-768x332.jpg 768w\" sizes=\"(max-width: 810px) 100vw, 810px\" \/><\/a>        <\/dt>\n        <dd>\n                                <\/dd>\n    <\/dl>\n\n            <br style=\"clear: both\" \/>\n    \n<br style=\"clear: both\" \/>\n\n    <\/div>\n    <!-- \/module gallery -->\n\n                        <\/div>\n                    \t\t<\/div>\n\t\t<!-- \/.tb-column -->\n\t\t\n\t\t\n                                <\/div>\n                                <!-- \/row_inner -->\n                        <\/div>\n                        <!-- \/module_row -->\n\t\t<\/div>\n","protected":false},"excerpt":{"rendered":"<p>STADION MIEJSKI W \u0141ODZI \u00a0 INWESTOR Miasto \u0141\u00f3d\u017a \u00a0 PROJEKT PLUS8.PL\/Bauren \u00a0 DATA 2009 \u00a0 KATEGORIA Sportowo-rekreacyjne \u00a0 ETAP Projekt konkursowy &#8211; wyr\u00f3\u017cnienie \u00a0 POWIERZCHNIA 13570 m2 GALERIA<\/p>\n","protected":false},"author":2,"featured_media":2014,"parent":0,"menu_order":0,"comment_status":"closed","ping_status":"closed","template":"","meta":{"footnotes":""},"_links":{"self":[{"href":"https:\/\/plus8.pl\/index.php\/wp-json\/wp\/v2\/pages\/88"}],"collection":[{"href":"https:\/\/plus8.pl\/index.php\/wp-json\/wp\/v2\/pages"}],"about":[{"href":"https:\/\/plus8.pl\/index.php\/wp-json\/wp\/v2\/types\/page"}],"author":[{"embeddable":true,"href":"https:\/\/plus8.pl\/index.php\/wp-json\/wp\/v2\/users\/2"}],"replies":[{"embeddable":true,"href":"https:\/\/plus8.pl\/index.php\/wp-json\/wp\/v2\/comments?post=88"}],"version-history":[{"count":15,"href":"https:\/\/plus8.pl\/index.php\/wp-json\/wp\/v2\/pages\/88\/revisions"}],"predecessor-version":[{"id":2019,"href":"https:\/\/plus8.pl\/index.php\/wp-json\/wp\/v2\/pages\/88\/revisions\/2019"}],"wp:featuredmedia":[{"embeddable":true,"href":"https:\/\/plus8.pl\/index.php\/wp-json\/wp\/v2\/media\/2014"}],"wp:attachment":[{"href":"https:\/\/plus8.pl\/index.php\/wp-json\/wp\/v2\/media?parent=88"}],"curies":[{"name":"wp","href":"https:\/\/api.w.org\/{rel}","templated":true}]}}