{"id":525,"date":"2018-01-05T11:28:19","date_gmt":"2018-01-05T10:28:19","guid":{"rendered":"http:\/\/plus8.pl\/?page_id=525"},"modified":"2018-03-09T15:44:39","modified_gmt":"2018-03-09T14:44:39","slug":"osrodek-rekreacyjny-balaton","status":"publish","type":"page","link":"https:\/\/plus8.pl\/index.php\/osrodek-rekreacyjny-balaton\/","title":{"rendered":"Wodzis\u0142aw Balaton"},"content":{"rendered":"<div id=\"themify_builder_content-525\" data-postid=\"525\" class=\"themify_builder_content themify_builder_content-525 themify_builder\">\n\n    \t\n\t\t<!-- module_row -->\n\t\t\t<div  class=\"themify_builder_row module_row clearfix module_row_0 themify_builder_525_row module_row_525-0\">\n\t\t\t\t                                <div class=\"row_inner \" >\n\n                                    \n\t\t<div  class=\"tb-column col-full first module_column tb_525_column module_column_0 module_column_525-0-0 repeat\" >\n                                                                <div class=\"tb-column-inner\">\n                            \n\n<!-- module text -->\n<div  id=\"text-525-0-0-0\" class=\"module module-text text-525-0-0-0  repeat \">\n    \n    <p style=\"text-align: center;\"><strong>O\u015aRODEK REKREACYJNY BALATON W WODZIS\u0141AWIU \u015aL\u0104SKIM<\/strong><\/p><\/div>\n<!-- \/module text -->\n                        <\/div>\n                    \t\t<\/div>\n\t\t<!-- \/.tb-column -->\n\t\t\n\t\t\n                                <\/div>\n                                <!-- \/row_inner -->\n                        <\/div>\n                        <!-- \/module_row -->\n\t\t\t\n\t\t<!-- module_row -->\n\t\t\t<div  class=\"themify_builder_row module_row clearfix repeat module_row_1 themify_builder_525_row module_row_525-1\">\n\t\t\t\t                                <div class=\"row_inner \" >\n\n                                    \n\t\t<div  class=\"tb-column col6-1 first module_column tb_525_column module_column_0 module_column_525-1-0\" >\n                                                                <div class=\"tb-column-inner\">\n                            \n\n<!-- module text -->\n<div  id=\"text-525-1-0-0\" class=\"module module-text text-525-1-0-0  repeat \">\n    \n    <p>\u00a0<\/p><p style=\"text-align: center;\"><strong>INWESTOR<\/strong><\/p><p style=\"text-align: center;\">MOSiR Wodzis\u0142aw \u015al\u0105ski<\/p><\/div>\n<!-- \/module text -->\n                        <\/div>\n                    \t\t<\/div>\n\t\t<!-- \/.tb-column -->\n\t\t\n\t\t\n\t\t<div  class=\"tb-column col6-1 second module_column tb_525_column module_column_1 module_column_525-1-1\" >\n                                                                <div class=\"tb-column-inner\">\n                            \n\n<!-- module text -->\n<div  id=\"text-525-1-1-0\" class=\"module module-text text-525-1-1-0  repeat \">\n    \n    <p>\u00a0<\/p><p style=\"text-align: center;\"><strong>PROJEKT<\/strong><\/p><p style=\"text-align: center;\">PLUS8.PL<\/p><\/div>\n<!-- \/module text -->\n                        <\/div>\n                    \t\t<\/div>\n\t\t<!-- \/.tb-column -->\n\t\t\n\t\t\n\t\t<div  class=\"tb-column col6-1 third module_column tb_525_column module_column_2 module_column_525-1-2\" >\n                                                                <div class=\"tb-column-inner\">\n                            \n\n<!-- module text -->\n<div  id=\"text-525-1-2-0\" class=\"module module-text text-525-1-2-0  repeat \">\n    \n    <p>\u00a0<\/p><p style=\"text-align: center;\"><strong>DATA<\/strong><\/p><p style=\"text-align: center;\">2017<\/p><\/div>\n<!-- \/module text -->\n                        <\/div>\n                    \t\t<\/div>\n\t\t<!-- \/.tb-column -->\n\t\t\n\t\t\n\t\t<div  class=\"tb-column col6-1 fourth module_column tb_525_column module_column_3 module_column_525-1-3\" >\n                                                                <div class=\"tb-column-inner\">\n                            \n\n<!-- module text -->\n<div  id=\"text-525-1-3-0\" class=\"module module-text text-525-1-3-0  repeat \">\n    \n    <p>\u00a0<\/p><p style=\"text-align: center;\"><strong>KATEGORIA<\/strong><\/p><p style=\"text-align: center;\">Sportowo-rekreacyjne<\/p><\/div>\n<!-- \/module text -->\n                        <\/div>\n                    \t\t<\/div>\n\t\t<!-- \/.tb-column -->\n\t\t\n\t\t\n\t\t<div  class=\"tb-column col6-1 fifth module_column tb_525_column module_column_4 module_column_525-1-4\" >\n                                                                <div class=\"tb-column-inner\">\n                            \n\n<!-- module text -->\n<div  id=\"text-525-1-4-0\" class=\"module module-text text-525-1-4-0  repeat \">\n    \n    <p>\u00a0<\/p><p style=\"text-align: center;\"><strong>ETAP<\/strong><\/p><p style=\"text-align: center;\">Projekt budowlany\/wykonawczy<\/p><\/div>\n<!-- \/module text -->\n                        <\/div>\n                    \t\t<\/div>\n\t\t<!-- \/.tb-column -->\n\t\t\n\t\t\n\t\t<div  class=\"tb-column col6-1 last module_column tb_525_column module_column_5 module_column_525-1-5\" >\n                                                                <div class=\"tb-column-inner\">\n                            \n\n<!-- module text -->\n<div  id=\"text-525-1-5-0\" class=\"module module-text text-525-1-5-0  repeat \">\n    \n    <p>\u00a0<\/p><p style=\"text-align: center;\"><strong>POWIERZCHNIA<\/strong><\/p><p style=\"text-align: center;\">3 ha<\/p><\/div>\n<!-- \/module text -->\n                        <\/div>\n                    \t\t<\/div>\n\t\t<!-- \/.tb-column -->\n\t\t\n\t\t\n                                <\/div>\n                                <!-- \/row_inner -->\n                        <\/div>\n                        <!-- \/module_row -->\n\t\t\t\n\t\t<!-- module_row -->\n\t\t\t<div  class=\"themify_builder_row module_row clearfix repeat module_row_2 themify_builder_525_row module_row_525-2\">\n\t\t\t\t                                <div class=\"row_inner \" >\n\n                                    \n\t\t<div style=\"width:40.4%\" class=\"tb-column col3-1 first module_column tb_525_column module_column_0 module_column_525-2-0\" >\n                                                                <div class=\"tb-column-inner\">\n                            \n\n    <!-- module divider -->\n    <div  id=\"divider-525-2-0-0\" class=\"module module-divider divider-525-2-0-0 solid    \" style=\"border-width: 1px;border-color: #8f8f8f;\">\n            <\/div>\n    <!-- \/module divider -->\n\n                        <\/div>\n                    \t\t<\/div>\n\t\t<!-- \/.tb-column -->\n\t\t\n\t\t\n\t\t<div style=\"width:13.2%\" class=\"tb-column col3-1 middle module_column tb_525_column module_column_1 module_column_525-2-1\" >\n                                                                <div class=\"tb-column-inner\">\n                            \n\n<!-- module text -->\n<div  id=\"text-525-2-1-0\" class=\"module module-text text-525-2-1-0  repeat \">\n    \n    <p style=\"text-align: center;\"><strong>GALERIA<\/strong><\/p><\/div>\n<!-- \/module text -->\n                        <\/div>\n                    \t\t<\/div>\n\t\t<!-- \/.tb-column -->\n\t\t\n\t\t\n\t\t<div style=\"width:40%\" class=\"tb-column col3-1 last module_column tb_525_column module_column_2 module_column_525-2-2\" >\n                                                                <div class=\"tb-column-inner\">\n                            \n\n    <!-- module divider -->\n    <div  id=\"divider-525-2-2-0\" class=\"module module-divider divider-525-2-2-0 solid    \" style=\"border-width: 1px;border-color: #8f8f8f;\">\n            <\/div>\n    <!-- \/module divider -->\n\n                        <\/div>\n                    \t\t<\/div>\n\t\t<!-- \/.tb-column -->\n\t\t\n\t\t\n                                <\/div>\n                                <!-- \/row_inner -->\n                        <\/div>\n                        <!-- \/module_row -->\n\t\t\t\n\t\t<!-- module_row -->\n\t\t\t<div  class=\"themify_builder_row module_row clearfix module_row_3 themify_builder_525_row module_row_525-3\">\n\t\t\t\t                                <div class=\"row_inner \" >\n\n                                    \n\t\t<div  class=\"tb-column col-full first module_column tb_525_column module_column_0 module_column_525-3-0\" >\n                                                                <div class=\"tb-column-inner\">\n                            \n\n    <!-- module gallery -->\n    <div  id=\"gallery-525-3-0-0\" class=\"module module-gallery gallery-525-3-0-0 gallery gallery-columns-2  layout-grid   \">\n        \n        \n    <dl class=\"gallery-item\">\n        <dt class=\"gallery-icon\">\n        <a title=\"\" href=\"https:\/\/plus8.pl\/wp-content\/uploads\/2018\/01\/widok2gotowy.jpg\"><img fetchpriority=\"high\" fetchpriority=\"high\" decoding=\"async\" width=\"1024\" height=\"683\" src=\"https:\/\/plus8.pl\/wp-content\/uploads\/2018\/01\/widok2gotowy-1024x683.jpg\" class=\" wp-post-image wp-image-1602\" alt=\"\" srcset=\"https:\/\/plus8.pl\/wp-content\/uploads\/2018\/01\/widok2gotowy-1024x683.jpg 1024w, https:\/\/plus8.pl\/wp-content\/uploads\/2018\/01\/widok2gotowy-300x200.jpg 300w, https:\/\/plus8.pl\/wp-content\/uploads\/2018\/01\/widok2gotowy-768x512.jpg 768w\" sizes=\"(max-width: 1024px) 100vw, 1024px\" \/><\/a>        <\/dt>\n        <dd>\n                                <\/dd>\n    <\/dl>\n\n    \n\n    <dl class=\"gallery-item\">\n        <dt class=\"gallery-icon\">\n        <a title=\"\" href=\"https:\/\/plus8.pl\/wp-content\/uploads\/2018\/01\/widok3gotowy.jpg\"><img decoding=\"async\" width=\"1024\" height=\"683\" src=\"https:\/\/plus8.pl\/wp-content\/uploads\/2018\/01\/widok3gotowy-1024x683.jpg\" class=\" wp-post-image wp-image-1603\" alt=\"\" srcset=\"https:\/\/plus8.pl\/wp-content\/uploads\/2018\/01\/widok3gotowy-1024x683.jpg 1024w, https:\/\/plus8.pl\/wp-content\/uploads\/2018\/01\/widok3gotowy-300x200.jpg 300w, https:\/\/plus8.pl\/wp-content\/uploads\/2018\/01\/widok3gotowy-768x512.jpg 768w\" sizes=\"(max-width: 1024px) 100vw, 1024px\" \/><\/a>        <\/dt>\n        <dd>\n                                <\/dd>\n    <\/dl>\n\n            <br style=\"clear: both\" \/>\n    \n<br style=\"clear: both\" \/>\n\n    <\/div>\n    <!-- \/module gallery -->\n\n                        <\/div>\n                    \t\t<\/div>\n\t\t<!-- \/.tb-column -->\n\t\t\n\t\t\n                                <\/div>\n                                <!-- \/row_inner -->\n                        <\/div>\n                        <!-- \/module_row -->\n\t\t<\/div>\n<p>&nbsp;<\/p>\n","protected":false},"excerpt":{"rendered":"<p>O\u015aRODEK REKREACYJNY BALATON W WODZIS\u0141AWIU \u015aL\u0104SKIM \u00a0 INWESTOR MOSiR Wodzis\u0142aw \u015al\u0105ski \u00a0 PROJEKT PLUS8.PL \u00a0 DATA 2017 \u00a0 KATEGORIA Sportowo-rekreacyjne \u00a0 ETAP Projekt budowlany\/wykonawczy \u00a0 POWIERZCHNIA 3 ha GALERIA &nbsp;<\/p>\n","protected":false},"author":2,"featured_media":1605,"parent":0,"menu_order":0,"comment_status":"closed","ping_status":"closed","template":"","meta":{"footnotes":""},"_links":{"self":[{"href":"https:\/\/plus8.pl\/index.php\/wp-json\/wp\/v2\/pages\/525"}],"collection":[{"href":"https:\/\/plus8.pl\/index.php\/wp-json\/wp\/v2\/pages"}],"about":[{"href":"https:\/\/plus8.pl\/index.php\/wp-json\/wp\/v2\/types\/page"}],"author":[{"embeddable":true,"href":"https:\/\/plus8.pl\/index.php\/wp-json\/wp\/v2\/users\/2"}],"replies":[{"embeddable":true,"href":"https:\/\/plus8.pl\/index.php\/wp-json\/wp\/v2\/comments?post=525"}],"version-history":[{"count":14,"href":"https:\/\/plus8.pl\/index.php\/wp-json\/wp\/v2\/pages\/525\/revisions"}],"predecessor-version":[{"id":2048,"href":"https:\/\/plus8.pl\/index.php\/wp-json\/wp\/v2\/pages\/525\/revisions\/2048"}],"wp:featuredmedia":[{"embeddable":true,"href":"https:\/\/plus8.pl\/index.php\/wp-json\/wp\/v2\/media\/1605"}],"wp:attachment":[{"href":"https:\/\/plus8.pl\/index.php\/wp-json\/wp\/v2\/media?parent=525"}],"curies":[{"name":"wp","href":"https:\/\/api.w.org\/{rel}","templated":true}]}}