{"id":500,"date":"2017-12-28T15:20:54","date_gmt":"2017-12-28T14:20:54","guid":{"rendered":"http:\/\/plus8.pl\/?page_id=500"},"modified":"2018-03-09T16:00:38","modified_gmt":"2018-03-09T15:00:38","slug":"lech-coaster","status":"publish","type":"page","link":"https:\/\/plus8.pl\/index.php\/lech-coaster\/","title":{"rendered":"Lech Coaster"},"content":{"rendered":"<div id=\"themify_builder_content-500\" data-postid=\"500\" class=\"themify_builder_content themify_builder_content-500 themify_builder\">\n\n    \t\n\t\t<!-- module_row -->\n\t\t\t<div  class=\"themify_builder_row module_row clearfix module_row_0 themify_builder_500_row module_row_500-0\">\n\t\t\t\t                                <div class=\"row_inner \" >\n\n                                    \n\t\t<div  class=\"tb-column col-full first module_column tb_500_column module_column_0 module_column_500-0-0 repeat\" >\n                                                                <div class=\"tb-column-inner\">\n                            \n\n<!-- module text -->\n<div  id=\"text-500-0-0-0\" class=\"module module-text text-500-0-0-0  repeat \">\n    \n    <p style=\"text-align: center;\"><strong>LECH COASTER W CHORZOWIE<\/strong><\/p><\/div>\n<!-- \/module text -->\n                        <\/div>\n                    \t\t<\/div>\n\t\t<!-- \/.tb-column -->\n\t\t\n\t\t\n                                <\/div>\n                                <!-- \/row_inner -->\n                        <\/div>\n                        <!-- \/module_row -->\n\t\t\t\n\t\t<!-- module_row -->\n\t\t\t<div  class=\"themify_builder_row module_row clearfix repeat module_row_1 themify_builder_500_row module_row_500-1\">\n\t\t\t\t                                <div class=\"row_inner \" >\n\n                                    \n\t\t<div  class=\"tb-column col6-1 first module_column tb_500_column module_column_0 module_column_500-1-0\" >\n                                                                <div class=\"tb-column-inner\">\n                            \n\n<!-- module text -->\n<div  id=\"text-500-1-0-0\" class=\"module module-text text-500-1-0-0  repeat \">\n    \n    <p>\u00a0<\/p><p style=\"text-align: center;\"><strong>INWESTOR<\/strong><\/p><p style=\"text-align: center;\">\u015al\u0105skie Weso\u0142e Miasteczko<\/p><\/div>\n<!-- \/module text -->\n                        <\/div>\n                    \t\t<\/div>\n\t\t<!-- \/.tb-column -->\n\t\t\n\t\t\n\t\t<div  class=\"tb-column col6-1 second module_column tb_500_column module_column_1 module_column_500-1-1\" >\n                                                                <div class=\"tb-column-inner\">\n                            \n\n<!-- module text -->\n<div  id=\"text-500-1-1-0\" class=\"module module-text text-500-1-1-0  repeat \">\n    \n    <p>\u00a0<\/p><p style=\"text-align: center;\"><strong>PROJEKT<\/strong><\/p><p style=\"text-align: center;\">PLUS8.PL<\/p><\/div>\n<!-- \/module text -->\n                        <\/div>\n                    \t\t<\/div>\n\t\t<!-- \/.tb-column -->\n\t\t\n\t\t\n\t\t<div  class=\"tb-column col6-1 third module_column tb_500_column module_column_2 module_column_500-1-2\" >\n                                                                <div class=\"tb-column-inner\">\n                            \n\n<!-- module text -->\n<div  id=\"text-500-1-2-0\" class=\"module module-text text-500-1-2-0  repeat \">\n    \n    <p>\u00a0<\/p><p style=\"text-align: center;\"><strong>DATA<\/strong><\/p><p style=\"text-align: center;\">2017<\/p><\/div>\n<!-- \/module text -->\n                        <\/div>\n                    \t\t<\/div>\n\t\t<!-- \/.tb-column -->\n\t\t\n\t\t\n\t\t<div  class=\"tb-column col6-1 fourth module_column tb_500_column module_column_3 module_column_500-1-3\" >\n                                                                <div class=\"tb-column-inner\">\n                            \n\n<!-- module text -->\n<div  id=\"text-500-1-3-0\" class=\"module module-text text-500-1-3-0  repeat \">\n    \n    <p>\u00a0<\/p><p style=\"text-align: center;\"><strong>KATEGORIA<\/strong><\/p><p style=\"text-align: center;\">Sportowo-rekreacyjne<\/p><\/div>\n<!-- \/module text -->\n                        <\/div>\n                    \t\t<\/div>\n\t\t<!-- \/.tb-column -->\n\t\t\n\t\t\n\t\t<div  class=\"tb-column col6-1 fifth module_column tb_500_column module_column_4 module_column_500-1-4\" >\n                                                                <div class=\"tb-column-inner\">\n                            \n\n<!-- module text -->\n<div  id=\"text-500-1-4-0\" class=\"module module-text text-500-1-4-0  repeat \">\n    \n    <p>\u00a0<\/p><p style=\"text-align: center;\"><strong>ETAP<\/strong><\/p><p style=\"text-align: center;\">Projekt budowlany i wykonawczy<\/p><\/div>\n<!-- \/module text -->\n                        <\/div>\n                    \t\t<\/div>\n\t\t<!-- \/.tb-column -->\n\t\t\n\t\t\n\t\t<div  class=\"tb-column col6-1 last module_column tb_500_column module_column_5 module_column_500-1-5\" >\n                                                                <div class=\"tb-column-inner\">\n                            \n\n<!-- module text -->\n<div  id=\"text-500-1-5-0\" class=\"module module-text text-500-1-5-0  repeat \">\n    \n    <p>\u00a0<\/p><p style=\"text-align: center;\"><strong>POWIERZCHNIA<\/strong><\/p><p style=\"text-align: center;\">320 m2<\/p><\/div>\n<!-- \/module text -->\n                        <\/div>\n                    \t\t<\/div>\n\t\t<!-- \/.tb-column -->\n\t\t\n\t\t\n                                <\/div>\n                                <!-- \/row_inner -->\n                        <\/div>\n                        <!-- \/module_row -->\n\t\t\t\n\t\t<!-- module_row -->\n\t\t\t<div  class=\"themify_builder_row module_row clearfix repeat module_row_2 themify_builder_500_row module_row_500-2\">\n\t\t\t\t                                <div class=\"row_inner \" >\n\n                                    \n\t\t<div style=\"width:40%\" class=\"tb-column col3-1 first module_column tb_500_column module_column_0 module_column_500-2-0\" >\n                                                                <div class=\"tb-column-inner\">\n                            \n\n    <!-- module divider -->\n    <div  id=\"divider-500-2-0-0\" class=\"module module-divider divider-500-2-0-0 solid    \" style=\"border-width: 1px;border-color: #8f8f8f;\">\n            <\/div>\n    <!-- \/module divider -->\n\n                        <\/div>\n                    \t\t<\/div>\n\t\t<!-- \/.tb-column -->\n\t\t\n\t\t\n\t\t<div style=\"width:13.6%\" class=\"tb-column col3-1 middle module_column tb_500_column module_column_1 module_column_500-2-1\" >\n                                                                <div class=\"tb-column-inner\">\n                            \n\n<!-- module text -->\n<div  id=\"text-500-2-1-0\" class=\"module module-text text-500-2-1-0  repeat \">\n    \n    <p style=\"text-align: center;\"><strong>GALERIA<\/strong><\/p><\/div>\n<!-- \/module text -->\n                        <\/div>\n                    \t\t<\/div>\n\t\t<!-- \/.tb-column -->\n\t\t\n\t\t\n\t\t<div style=\"width:40%\" class=\"tb-column col3-1 last module_column tb_500_column module_column_2 module_column_500-2-2\" >\n                                                                <div class=\"tb-column-inner\">\n                            \n\n    <!-- module divider -->\n    <div  id=\"divider-500-2-2-0\" class=\"module module-divider divider-500-2-2-0 solid    \" style=\"border-width: 1px;border-color: #8f8f8f;\">\n            <\/div>\n    <!-- \/module divider -->\n\n                        <\/div>\n                    \t\t<\/div>\n\t\t<!-- \/.tb-column -->\n\t\t\n\t\t\n                                <\/div>\n                                <!-- \/row_inner -->\n                        <\/div>\n                        <!-- \/module_row -->\n\t\t\t\n\t\t<!-- module_row -->\n\t\t\t<div  class=\"themify_builder_row module_row clearfix module_row_3 themify_builder_500_row module_row_500-3\">\n\t\t\t\t                                <div class=\"row_inner \" >\n\n                                    \n\t\t<div  class=\"tb-column col-full first module_column tb_500_column module_column_0 module_column_500-3-0\" >\n                                                                <div class=\"tb-column-inner\">\n                            \n\n    <!-- module gallery -->\n    <div  id=\"gallery-500-3-0-0\" class=\"module module-gallery gallery-500-3-0-0 gallery gallery-columns-2  layout-grid   \">\n        \n        \n    <dl class=\"gallery-item\">\n        <dt class=\"gallery-icon\">\n        <a title=\"\" href=\"https:\/\/plus8.pl\/wp-content\/uploads\/2017\/12\/230_1.jpg\"><img fetchpriority=\"high\" fetchpriority=\"high\" decoding=\"async\" width=\"1024\" height=\"372\" src=\"https:\/\/plus8.pl\/wp-content\/uploads\/2017\/12\/230_1-1024x372.jpg\" class=\" wp-post-image wp-image-1733\" alt=\"\" srcset=\"https:\/\/plus8.pl\/wp-content\/uploads\/2017\/12\/230_1-1024x372.jpg 1024w, https:\/\/plus8.pl\/wp-content\/uploads\/2017\/12\/230_1-300x109.jpg 300w, https:\/\/plus8.pl\/wp-content\/uploads\/2017\/12\/230_1-768x279.jpg 768w, https:\/\/plus8.pl\/wp-content\/uploads\/2017\/12\/230_1.jpg 2000w\" sizes=\"(max-width: 1024px) 100vw, 1024px\" \/><\/a>        <\/dt>\n        <dd>\n                                <\/dd>\n    <\/dl>\n\n    \n\n    <dl class=\"gallery-item\">\n        <dt class=\"gallery-icon\">\n        <a title=\"\" href=\"https:\/\/plus8.pl\/wp-content\/uploads\/2017\/12\/230_2.jpg\"><img decoding=\"async\" width=\"1024\" height=\"372\" src=\"https:\/\/plus8.pl\/wp-content\/uploads\/2017\/12\/230_2-1024x372.jpg\" class=\" wp-post-image wp-image-1734\" alt=\"\" srcset=\"https:\/\/plus8.pl\/wp-content\/uploads\/2017\/12\/230_2-1024x372.jpg 1024w, https:\/\/plus8.pl\/wp-content\/uploads\/2017\/12\/230_2-300x109.jpg 300w, https:\/\/plus8.pl\/wp-content\/uploads\/2017\/12\/230_2-768x279.jpg 768w, https:\/\/plus8.pl\/wp-content\/uploads\/2017\/12\/230_2.jpg 2000w\" sizes=\"(max-width: 1024px) 100vw, 1024px\" \/><\/a>        <\/dt>\n        <dd>\n                                <\/dd>\n    <\/dl>\n\n            <br style=\"clear: both\" \/>\n    \n\n    <dl class=\"gallery-item\">\n        <dt class=\"gallery-icon\">\n        <a title=\"\" href=\"https:\/\/plus8.pl\/wp-content\/uploads\/2017\/12\/230_3.jpg\"><img decoding=\"async\" width=\"1024\" height=\"372\" src=\"https:\/\/plus8.pl\/wp-content\/uploads\/2017\/12\/230_3-1024x372.jpg\" class=\" wp-post-image wp-image-1735\" alt=\"\" srcset=\"https:\/\/plus8.pl\/wp-content\/uploads\/2017\/12\/230_3-1024x372.jpg 1024w, https:\/\/plus8.pl\/wp-content\/uploads\/2017\/12\/230_3-300x109.jpg 300w, https:\/\/plus8.pl\/wp-content\/uploads\/2017\/12\/230_3-768x279.jpg 768w, https:\/\/plus8.pl\/wp-content\/uploads\/2017\/12\/230_3.jpg 2000w\" sizes=\"(max-width: 1024px) 100vw, 1024px\" \/><\/a>        <\/dt>\n        <dd>\n                                <\/dd>\n    <\/dl>\n\n    \n\n    <dl class=\"gallery-item\">\n        <dt class=\"gallery-icon\">\n        <a title=\"\" href=\"https:\/\/plus8.pl\/wp-content\/uploads\/2017\/12\/230_4.jpg\"><img loading=\"lazy\" loading=\"lazy\" decoding=\"async\" width=\"1024\" height=\"372\" src=\"https:\/\/plus8.pl\/wp-content\/uploads\/2017\/12\/230_4-1024x372.jpg\" class=\" wp-post-image wp-image-1736\" alt=\"\" srcset=\"https:\/\/plus8.pl\/wp-content\/uploads\/2017\/12\/230_4-1024x372.jpg 1024w, https:\/\/plus8.pl\/wp-content\/uploads\/2017\/12\/230_4-300x109.jpg 300w, https:\/\/plus8.pl\/wp-content\/uploads\/2017\/12\/230_4-768x279.jpg 768w, https:\/\/plus8.pl\/wp-content\/uploads\/2017\/12\/230_4.jpg 2000w\" sizes=\"(max-width: 1024px) 100vw, 1024px\" \/><\/a>        <\/dt>\n        <dd>\n                                <\/dd>\n    <\/dl>\n\n            <br style=\"clear: both\" \/>\n    \n\n    <dl class=\"gallery-item\">\n        <dt class=\"gallery-icon\">\n        <a title=\"\" href=\"https:\/\/plus8.pl\/wp-content\/uploads\/2017\/12\/230_5.jpg\"><img loading=\"lazy\" loading=\"lazy\" decoding=\"async\" width=\"1024\" height=\"540\" src=\"https:\/\/plus8.pl\/wp-content\/uploads\/2017\/12\/230_5-1024x540.jpg\" class=\" wp-post-image wp-image-1737\" alt=\"\" srcset=\"https:\/\/plus8.pl\/wp-content\/uploads\/2017\/12\/230_5-1024x540.jpg 1024w, https:\/\/plus8.pl\/wp-content\/uploads\/2017\/12\/230_5-300x158.jpg 300w, https:\/\/plus8.pl\/wp-content\/uploads\/2017\/12\/230_5-768x405.jpg 768w, https:\/\/plus8.pl\/wp-content\/uploads\/2017\/12\/230_5.jpg 2000w\" sizes=\"(max-width: 1024px) 100vw, 1024px\" \/><\/a>        <\/dt>\n        <dd>\n                                <\/dd>\n    <\/dl>\n\n    \n\n    <dl class=\"gallery-item\">\n        <dt class=\"gallery-icon\">\n        <a title=\"\" href=\"https:\/\/plus8.pl\/wp-content\/uploads\/2017\/12\/230_6.jpg\"><img loading=\"lazy\" loading=\"lazy\" decoding=\"async\" width=\"1024\" height=\"540\" src=\"https:\/\/plus8.pl\/wp-content\/uploads\/2017\/12\/230_6-1024x540.jpg\" class=\" wp-post-image wp-image-1738\" alt=\"\" srcset=\"https:\/\/plus8.pl\/wp-content\/uploads\/2017\/12\/230_6-1024x540.jpg 1024w, https:\/\/plus8.pl\/wp-content\/uploads\/2017\/12\/230_6-300x158.jpg 300w, https:\/\/plus8.pl\/wp-content\/uploads\/2017\/12\/230_6-768x405.jpg 768w, https:\/\/plus8.pl\/wp-content\/uploads\/2017\/12\/230_6.jpg 2000w\" sizes=\"(max-width: 1024px) 100vw, 1024px\" \/><\/a>        <\/dt>\n        <dd>\n                                <\/dd>\n    <\/dl>\n\n            <br style=\"clear: both\" \/>\n    \n\n    <dl class=\"gallery-item\">\n        <dt class=\"gallery-icon\">\n        <a title=\"\" href=\"https:\/\/plus8.pl\/wp-content\/uploads\/2017\/12\/230_7.jpg\"><img loading=\"lazy\" loading=\"lazy\" decoding=\"async\" width=\"1024\" height=\"540\" src=\"https:\/\/plus8.pl\/wp-content\/uploads\/2017\/12\/230_7-1024x540.jpg\" class=\" wp-post-image wp-image-1739\" alt=\"\" srcset=\"https:\/\/plus8.pl\/wp-content\/uploads\/2017\/12\/230_7-1024x540.jpg 1024w, https:\/\/plus8.pl\/wp-content\/uploads\/2017\/12\/230_7-300x158.jpg 300w, https:\/\/plus8.pl\/wp-content\/uploads\/2017\/12\/230_7-768x405.jpg 768w, https:\/\/plus8.pl\/wp-content\/uploads\/2017\/12\/230_7.jpg 2000w\" sizes=\"(max-width: 1024px) 100vw, 1024px\" \/><\/a>        <\/dt>\n        <dd>\n                                <\/dd>\n    <\/dl>\n\n    \n\n    <dl class=\"gallery-item\">\n        <dt class=\"gallery-icon\">\n        <a title=\"\" href=\"https:\/\/plus8.pl\/wp-content\/uploads\/2017\/12\/230_8.jpg\"><img loading=\"lazy\" loading=\"lazy\" decoding=\"async\" width=\"1024\" height=\"540\" src=\"https:\/\/plus8.pl\/wp-content\/uploads\/2017\/12\/230_8-1024x540.jpg\" class=\" wp-post-image wp-image-1740\" alt=\"\" srcset=\"https:\/\/plus8.pl\/wp-content\/uploads\/2017\/12\/230_8-1024x540.jpg 1024w, https:\/\/plus8.pl\/wp-content\/uploads\/2017\/12\/230_8-300x158.jpg 300w, https:\/\/plus8.pl\/wp-content\/uploads\/2017\/12\/230_8-768x405.jpg 768w, https:\/\/plus8.pl\/wp-content\/uploads\/2017\/12\/230_8.jpg 2000w\" sizes=\"(max-width: 1024px) 100vw, 1024px\" \/><\/a>        <\/dt>\n        <dd>\n                                <\/dd>\n    <\/dl>\n\n            <br style=\"clear: both\" \/>\n    \n<br style=\"clear: both\" \/>\n\n    <\/div>\n    <!-- \/module gallery -->\n\n                        <\/div>\n                    \t\t<\/div>\n\t\t<!-- \/.tb-column -->\n\t\t\n\t\t\n                                <\/div>\n                                <!-- \/row_inner -->\n                        <\/div>\n                        <!-- \/module_row -->\n\t\t<\/div>\n","protected":false},"excerpt":{"rendered":"<p>LECH COASTER W CHORZOWIE \u00a0 INWESTOR \u015al\u0105skie Weso\u0142e Miasteczko \u00a0 PROJEKT PLUS8.PL \u00a0 DATA 2017 \u00a0 KATEGORIA Sportowo-rekreacyjne \u00a0 ETAP Projekt budowlany i wykonawczy \u00a0 POWIERZCHNIA 320 m2 GALERIA<\/p>\n","protected":false},"author":2,"featured_media":1732,"parent":0,"menu_order":2,"comment_status":"closed","ping_status":"closed","template":"","meta":{"footnotes":""},"_links":{"self":[{"href":"https:\/\/plus8.pl\/index.php\/wp-json\/wp\/v2\/pages\/500"}],"collection":[{"href":"https:\/\/plus8.pl\/index.php\/wp-json\/wp\/v2\/pages"}],"about":[{"href":"https:\/\/plus8.pl\/index.php\/wp-json\/wp\/v2\/types\/page"}],"author":[{"embeddable":true,"href":"https:\/\/plus8.pl\/index.php\/wp-json\/wp\/v2\/users\/2"}],"replies":[{"embeddable":true,"href":"https:\/\/plus8.pl\/index.php\/wp-json\/wp\/v2\/comments?post=500"}],"version-history":[{"count":24,"href":"https:\/\/plus8.pl\/index.php\/wp-json\/wp\/v2\/pages\/500\/revisions"}],"predecessor-version":[{"id":3232,"href":"https:\/\/plus8.pl\/index.php\/wp-json\/wp\/v2\/pages\/500\/revisions\/3232"}],"wp:featuredmedia":[{"embeddable":true,"href":"https:\/\/plus8.pl\/index.php\/wp-json\/wp\/v2\/media\/1732"}],"wp:attachment":[{"href":"https:\/\/plus8.pl\/index.php\/wp-json\/wp\/v2\/media?parent=500"}],"curies":[{"name":"wp","href":"https:\/\/api.w.org\/{rel}","templated":true}]}}